{"id":26,"date":"2020-08-19T11:18:22","date_gmt":"2020-08-19T09:18:22","guid":{"rendered":"http:\/\/mon-matelas-en-ligne.fr\/?page_id=26"},"modified":"2020-08-21T14:28:49","modified_gmt":"2020-08-21T12:28:49","slug":"mentions-legales","status":"publish","type":"page","link":"https:\/\/mon-bureau-debout.fr\/index.php\/mentions-legales\/","title":{"rendered":"Mentions l\u00e9gales"},"content":{"rendered":"\n<h2>Copyright<\/h2>\n\n\n\n<p> L\u2019ensemble des donn\u00e9es (textes, sons ou images) apparaissant sur les pages de ce site sont la propri\u00e9t\u00e9 exclusive de <a href=\"http:\/\/mon-bureau-debout.fr\">mon-bureau-debout.fr<\/a> ou ses partenaires sauf mention contraire. Toute reproduction,  repr\u00e9sentation ou diffusion, partielle ou totale, du contenu de ce site  sur quelque support ou par tout proc\u00e9d\u00e9 que ce soit est interdite. Le  non respect de cette interdiction constitue une contrefa\u00e7on susceptible  d\u2019engager la responsabilit\u00e9 civile et p\u00e9nale du contrefacteur. <\/p>\n\n\n\n<h2>Informations<\/h2>\n\n\n\n<p> Les informations et donn\u00e9es mise a disposition sur le site de&nbsp; <br><a href=\"http:\/\/mon-bureau-debout.fr\">mon-bureau-debout.fr<\/a> sont fournies a titre indicatif et ne constituent pas un conseil.  L\u2019existence d\u2019un lien du site de  <br> <a href=\"http:\/\/mon-bureau-debout.fr\">mon-bureau-debout.fr<\/a>  vers un  autre site ne constitue pas une recommandation ni la validation de ce  site ou de son contenu. Il appartient a l\u2019utilisateur d\u2019utiliser ces  informations avec discernement et esprit critique. La responsabilit\u00e9 de<a rel=\"noreferrer noopener\" href=\"https:\/\/www.epilateur-lumierepulsee.com\" target=\"_blank\"> <\/a> <br> <a href=\"http:\/\/mon-bureau-debout.fr\">mon-bureau-debout.fr <\/a>ne saurait \u00eatre engag\u00e9e quant aux informations, opinions et  recommandations formul\u00e9es par ces tiers. Les informations transmises par ces sites peuvent faire l\u2019objet de retards, omissions ou erreurs. Ces informations ne sont pas contr\u00f4l\u00e9es par mon-bureau-debout.fr.  La responsabilit\u00e9 de mon-bureau-debout.fr ne saurait \u00eatre engag\u00e9e quant aux informations, opinions et recommandations formul\u00e9es par ces tiers. <\/p>\n\n\n\n<h2>H\u00e9bergement<\/h2>\n\n\n\n<p>H\u00e9berg\u00e9 par OVH \u2013&nbsp; 2 rue Kellermann \u2013 59100 ROUBAIX \u2013 France <\/p>\n\n\n\n<h2>Donn\u00e9es personnelles &amp; Cookies<\/h2>\n\n\n\n<p>Les cookies sont des fichiers textes enregistr\u00e9s sur l\u2019ordinateur de l\u2019utilisateur du site visit\u00e9 pour am\u00e9liorer la navigation sur ce site.<\/p>\n\n\n\n<p>Utilisation des cookies sur <em><a href=\"http:\/\/mon-bureau-debout.fr\">mon-bureau-debout.fr<\/a><\/em> :<br>Les cookies utilis\u00e9s sur ce site sont exclusivement des cookies tiers provenant des modules Google Analytics (statistiques de fr\u00e9quentation du site) et Google Adsense (publicit\u00e9s affich\u00e9es par Google sur le site, les cookies permettentant d\u2019afficher des publicit\u00e9s pertinentes pour le visiteur).<\/p>\n\n\n\n<p>A tout moment, vous pouvez effacer les cookies de la m\u00e9moire de votre ordinateur via les options de votre navigateur (IE, Firefox, Chrome\u2026) ou en utilisant un logiciel de nettoyage qui supprime les cookies et autres informations mis en m\u00e9moire temporairement sur votre ordinateur.<\/p>\n\n\n\n<h2>Affiliation<\/h2>\n\n\n\n<p><em><a href=\"http:\/\/mon-bureau-debout.fr\">mon-bureau-debout.fr<\/a><\/em> participe au Programme Partenaires d\u2019Amazon EU, un programme d\u2019affiliation permettant \u00e0 des sites de percevoir une r\u00e9mun\u00e9ration gr\u00e2ce \u00e0 des liens redirigeant vers Amazon.fr. L\u2019utilisateur reste enti\u00e8rement libre de chercher les produits Amazon.fr par lui-m\u00eame s\u2019il pr\u00e9f\u00e8re ne pas passer par les liens du site.<\/p>\n\n\n\n<h2>Contact<\/h2>\n\n\n\n<p>Vous pouvez nous contacter \u00e0 l&rsquo;adresse mail suivante : contact@mon-bureau-debout.fr<\/p>\n\n\n\n<p><\/p>\n","protected":false},"excerpt":{"rendered":"<p>Copyright L\u2019ensemble des donn\u00e9es (textes, sons ou images) apparaissant sur les pages de ce site sont la propri\u00e9t\u00e9 exclusive de mon-bureau-debout.fr ou ses partenaires sauf mention contraire. Toute reproduction, repr\u00e9sentation ou diffusion, partielle ou totale, du contenu de ce site sur quelque support ou par tout proc\u00e9d\u00e9 que ce soit est interdite. Le non respect&#8230;<\/p>\n","protected":false},"author":1,"featured_media":0,"parent":0,"menu_order":0,"comment_status":"closed","ping_status":"closed","template":"","meta":[],"yoast_head":"<!-- This site is optimized with the Yoast SEO plugin v14.8 - https:\/\/yoast.com\/wordpress\/plugins\/seo\/ -->\n<title>Mentions l\u00e9gales - Mon bureau debout<\/title>\n<meta name=\"robots\" content=\"index, follow\" \/>\n<meta name=\"googlebot\" content=\"index, follow, max-snippet:-1, max-image-preview:large, max-video-preview:-1\" \/>\n<meta name=\"bingbot\" content=\"index, follow, max-snippet:-1, max-image-preview:large, max-video-preview:-1\" \/>\n<link rel=\"canonical\" href=\"http:\/\/mon-bureau-debout.fr\/index.php\/mentions-legales\/\" \/>\n<meta property=\"og:locale\" content=\"fr_FR\" \/>\n<meta property=\"og:type\" content=\"article\" \/>\n<meta property=\"og:title\" content=\"Mentions l\u00e9gales - Mon bureau debout\" \/>\n<meta property=\"og:description\" content=\"Copyright L\u2019ensemble des donn\u00e9es (textes, sons ou images) apparaissant sur les pages de ce site sont la propri\u00e9t\u00e9 exclusive de mon-bureau-debout.fr ou ses partenaires sauf mention contraire. Toute reproduction, repr\u00e9sentation ou diffusion, partielle ou totale, du contenu de ce site sur quelque support ou par tout proc\u00e9d\u00e9 que ce soit est interdite. Le non respect...\" \/>\n<meta property=\"og:url\" content=\"http:\/\/mon-bureau-debout.fr\/index.php\/mentions-legales\/\" \/>\n<meta property=\"og:site_name\" content=\"Mon bureau debout\" \/>\n<meta property=\"article:modified_time\" content=\"2020-08-21T12:28:49+00:00\" \/>\n<meta name=\"twitter:card\" content=\"summary_large_image\" \/>\n<script type=\"application\/ld+json\" class=\"yoast-schema-graph\">{\"@context\":\"https:\/\/schema.org\",\"@graph\":[{\"@type\":\"WebSite\",\"@id\":\"https:\/\/mon-bureau-debout.fr\/#website\",\"url\":\"https:\/\/mon-bureau-debout.fr\/\",\"name\":\"Mon bureau debout - TOP Bureau 2020\",\"description\":\"TOP BUREAU 2020 - Une meilleur ergonomie et productivit\\u00e9 au quotidien\",\"potentialAction\":[{\"@type\":\"SearchAction\",\"target\":\"https:\/\/mon-bureau-debout.fr\/?s={search_term_string}\",\"query-input\":\"required name=search_term_string\"}],\"inLanguage\":\"fr-FR\"},{\"@type\":\"WebPage\",\"@id\":\"http:\/\/mon-bureau-debout.fr\/index.php\/mentions-legales\/#webpage\",\"url\":\"http:\/\/mon-bureau-debout.fr\/index.php\/mentions-legales\/\",\"name\":\"Mentions l\\u00e9gales - Mon bureau debout\",\"isPartOf\":{\"@id\":\"https:\/\/mon-bureau-debout.fr\/#website\"},\"datePublished\":\"2020-08-19T09:18:22+00:00\",\"dateModified\":\"2020-08-21T12:28:49+00:00\",\"inLanguage\":\"fr-FR\",\"potentialAction\":[{\"@type\":\"ReadAction\",\"target\":[\"http:\/\/mon-bureau-debout.fr\/index.php\/mentions-legales\/\"]}]}]}<\/script>\n<!-- \/ Yoast SEO plugin. -->","_links":{"self":[{"href":"https:\/\/mon-bureau-debout.fr\/index.php\/wp-json\/wp\/v2\/pages\/26"}],"collection":[{"href":"https:\/\/mon-bureau-debout.fr\/index.php\/wp-json\/wp\/v2\/pages"}],"about":[{"href":"https:\/\/mon-bureau-debout.fr\/index.php\/wp-json\/wp\/v2\/types\/page"}],"author":[{"embeddable":true,"href":"https:\/\/mon-bureau-debout.fr\/index.php\/wp-json\/wp\/v2\/users\/1"}],"replies":[{"embeddable":true,"href":"https:\/\/mon-bureau-debout.fr\/index.php\/wp-json\/wp\/v2\/comments?post=26"}],"version-history":[{"count":5,"href":"https:\/\/mon-bureau-debout.fr\/index.php\/wp-json\/wp\/v2\/pages\/26\/revisions"}],"predecessor-version":[{"id":135,"href":"https:\/\/mon-bureau-debout.fr\/index.php\/wp-json\/wp\/v2\/pages\/26\/revisions\/135"}],"wp:attachment":[{"href":"https:\/\/mon-bureau-debout.fr\/index.php\/wp-json\/wp\/v2\/media?parent=26"}],"curies":[{"name":"wp","href":"https:\/\/api.w.org\/{rel}","templated":true}]}}