{"id":22,"date":"2020-08-19T11:17:51","date_gmt":"2020-08-19T09:17:51","guid":{"rendered":"http:\/\/mon-matelas-en-ligne.fr\/?page_id=22"},"modified":"2020-08-22T15:10:08","modified_gmt":"2020-08-22T13:10:08","slug":"avantage","status":"publish","type":"page","link":"https:\/\/mon-bureau-debout.fr\/index.php\/avantage\/","title":{"rendered":"D\u00e9couvrez les nombreux avantages"},"content":{"rendered":"\n<h2>Am\u00e9liore votre sant\u00e9<\/h2>\n\n\n\n<p>Les avantages d&rsquo;\u00eatre actif quand vous devez travailler devant un \u00e9cran durant toute une journ\u00e9e, sont nombreux. Et dans un premier temps, sur votre sant\u00e9. <\/p>\n\n\n\n<p>Bouger au cours de la journ\u00e9e ! Le meilleur conseil reste de pratique une activit\u00e9 physique r\u00e9guli\u00e8rement. Quand cela n&rsquo;est pas possible, travailler quelques instants debout reste largement plus b\u00e9n\u00e9fique que d&rsquo;\u00eatre assis toute la journ\u00e9e. Il est m\u00eame possible de combiner les deux gr\u00e2ce \u00e0 des tapis de marche qui peuvent s&rsquo;installer au pied de votre bureau et ainsi continuer \u00e0 travailler en marchant.<\/p>\n\n\n\n<p>Utiliser un bureau assis-debout vous permet de r\u00e9duire votre taux de sucre dans le sang ainsi que les risques cardio-vasculaires. Dans une \u00e9tude scientifique (<a href=\"https:\/\/pubmed.ncbi.nlm.nih.gov\/22890825\/\">Source<\/a>), il a \u00e9t\u00e9 montr\u00e9 qu&rsquo;un travail prolong\u00e9 assis augmente le risque cardio-vasculaire de 147% et que m\u00eame, une heure d&rsquo;activit\u00e9 physique intense ne contre pas les effets n\u00e9gatifs d&rsquo;\u00eatre assis toute la journ\u00e9e.<\/p>\n\n\n\n<h2>Prot\u00e8ge votre dos<\/h2>\n\n\n\n<p>Les probl\u00e8mes de dos sont tr\u00e8s fr\u00e9quents pour ceux qui travaillent \u00e0 longueur de journ\u00e9e assis devant un PC. Plusieurs r\u00e9glages de l&rsquo;espace de travail permettent de contribuer \u00e0 l&rsquo;apparition de ces douleurs comme le bon r\u00e9glage du l&rsquo;\u00e9cran, la hauteur des avant-bras vis \u00e0 vis du clavier ainsi que la possibilit\u00e9 de travailler debout quelques heures par jour. <\/p>\n\n\n\n<p>Une bonne ergonomie est essentielle pour n\u2019importe quel poste de  travail. Si vous voulez minimiser vos douleurs dorsales, vous devez vous  procurer des meubles ergonomiques qui favorisent l\u2019alignement naturel  de votre corps. <\/p>\n\n\n\n<p>L&rsquo;\u00e9tude du CDC (<a href=\"https:\/\/pubmed.ncbi.nlm.nih.gov\/23057991\/\">Source<\/a>) remonte que l&rsquo;usage d&rsquo;un bureau assis-debout a permis de r\u00e9duire les douleurs au dos et \u00e0 la nuque de 54% en l&rsquo;espace de 4 semaines<\/p>\n\n\n\n<h2>Am\u00e9liore votre humeur et votre \u00e9nergie<\/h2>\n\n\n\n<p>Alterner le travail en position assis et debout a aussi des effets positifs sur votre humeur et votre \u00e9nergie. Dans le cadre d&rsquo;une \u00e9tude m\u00e9dicale (<a href=\"https:\/\/pubmed.ncbi.nlm.nih.gov\/23057991\/\">Source<\/a>), durant 7 semaines, les participants avec des bureaux assis-debout ont ressenti moins de stress et de fatigue que ceux qui \u00e9taient assis toute la journ\u00e9e.<\/p>\n\n\n\n<p>De plus, 87% de ceux-ci remontent avec plus d&rsquo;\u00e9nergie au cours de la journ\u00e9e. En revenant \u00e0 des bureaux statiques, assis toute la journ\u00e9e, leur humeur est redescendu. <br><\/p>\n\n\n\n<h2>Augmente votre productivit\u00e9<\/h2>\n\n\n\n<p>Quand vous devez passer un appel vers un client, il a \u00e9t\u00e9 prouv\u00e9 que cette discussion se passe mieux et que la vente se conclus plus facile lors que nous sommes debout, en effet, nous gagnons en dynamisme. <\/p>\n\n\n\n<p>L&rsquo;un des probl\u00e8mes majeurs en travaillant toute la journ\u00e9e est que notre corps entre dans un \u00e9tat de repos. Analyser votre \u00e9tat de fatigue et de productivit\u00e9 apr\u00e8s votre repas le midi, une fois revenus devant votre \u00e9cran assis sur votre chaise. La digestion va puiser votre \u00e9nergie et \u00eatre assis n&rsquo;aide en rien pour lutter contre \u00e7a \u00e0 ce moment l\u00e0.<br><\/p>\n","protected":false},"excerpt":{"rendered":"<p>Am\u00e9liore votre sant\u00e9 Les avantages d&rsquo;\u00eatre actif quand vous devez travailler devant un \u00e9cran durant toute une journ\u00e9e, sont nombreux. Et dans un premier temps, sur votre sant\u00e9. Bouger au cours de la journ\u00e9e ! Le meilleur conseil reste de pratique une activit\u00e9 physique r\u00e9guli\u00e8rement. Quand cela n&rsquo;est pas possible, travailler quelques instants debout reste&#8230;<\/p>\n","protected":false},"author":1,"featured_media":0,"parent":0,"menu_order":0,"comment_status":"closed","ping_status":"closed","template":"","meta":[],"yoast_head":"<!-- This site is optimized with the Yoast SEO plugin v14.8 - https:\/\/yoast.com\/wordpress\/plugins\/seo\/ -->\n<title>D\u00e9couvrez les nombreux avantages - Mon bureau debout<\/title>\n<meta name=\"robots\" content=\"index, follow\" \/>\n<meta name=\"googlebot\" content=\"index, follow, max-snippet:-1, max-image-preview:large, max-video-preview:-1\" \/>\n<meta name=\"bingbot\" content=\"index, follow, max-snippet:-1, max-image-preview:large, max-video-preview:-1\" \/>\n<link rel=\"canonical\" href=\"http:\/\/mon-bureau-debout.fr\/index.php\/avantage\/\" \/>\n<meta property=\"og:locale\" content=\"fr_FR\" \/>\n<meta property=\"og:type\" content=\"article\" \/>\n<meta property=\"og:title\" content=\"D\u00e9couvrez les nombreux avantages - Mon bureau debout\" \/>\n<meta property=\"og:description\" content=\"Am\u00e9liore votre sant\u00e9 Les avantages d&rsquo;\u00eatre actif quand vous devez travailler devant un \u00e9cran durant toute une journ\u00e9e, sont nombreux. Et dans un premier temps, sur votre sant\u00e9. Bouger au cours de la journ\u00e9e ! Le meilleur conseil reste de pratique une activit\u00e9 physique r\u00e9guli\u00e8rement. Quand cela n&rsquo;est pas possible, travailler quelques instants debout reste...\" \/>\n<meta property=\"og:url\" content=\"http:\/\/mon-bureau-debout.fr\/index.php\/avantage\/\" \/>\n<meta property=\"og:site_name\" content=\"Mon bureau debout\" \/>\n<meta property=\"article:modified_time\" content=\"2020-08-22T13:10:08+00:00\" \/>\n<meta name=\"twitter:card\" content=\"summary_large_image\" \/>\n<script type=\"application\/ld+json\" class=\"yoast-schema-graph\">{\"@context\":\"https:\/\/schema.org\",\"@graph\":[{\"@type\":\"WebSite\",\"@id\":\"https:\/\/mon-bureau-debout.fr\/#website\",\"url\":\"https:\/\/mon-bureau-debout.fr\/\",\"name\":\"Mon bureau debout - TOP Bureau 2020\",\"description\":\"TOP BUREAU 2020 - Une meilleur ergonomie et productivit\\u00e9 au quotidien\",\"potentialAction\":[{\"@type\":\"SearchAction\",\"target\":\"https:\/\/mon-bureau-debout.fr\/?s={search_term_string}\",\"query-input\":\"required name=search_term_string\"}],\"inLanguage\":\"fr-FR\"},{\"@type\":\"WebPage\",\"@id\":\"http:\/\/mon-bureau-debout.fr\/index.php\/avantage\/#webpage\",\"url\":\"http:\/\/mon-bureau-debout.fr\/index.php\/avantage\/\",\"name\":\"D\\u00e9couvrez les nombreux avantages - Mon bureau debout\",\"isPartOf\":{\"@id\":\"https:\/\/mon-bureau-debout.fr\/#website\"},\"datePublished\":\"2020-08-19T09:17:51+00:00\",\"dateModified\":\"2020-08-22T13:10:08+00:00\",\"inLanguage\":\"fr-FR\",\"potentialAction\":[{\"@type\":\"ReadAction\",\"target\":[\"http:\/\/mon-bureau-debout.fr\/index.php\/avantage\/\"]}]}]}<\/script>\n<!-- \/ Yoast SEO plugin. -->","_links":{"self":[{"href":"https:\/\/mon-bureau-debout.fr\/index.php\/wp-json\/wp\/v2\/pages\/22"}],"collection":[{"href":"https:\/\/mon-bureau-debout.fr\/index.php\/wp-json\/wp\/v2\/pages"}],"about":[{"href":"https:\/\/mon-bureau-debout.fr\/index.php\/wp-json\/wp\/v2\/types\/page"}],"author":[{"embeddable":true,"href":"https:\/\/mon-bureau-debout.fr\/index.php\/wp-json\/wp\/v2\/users\/1"}],"replies":[{"embeddable":true,"href":"https:\/\/mon-bureau-debout.fr\/index.php\/wp-json\/wp\/v2\/comments?post=22"}],"version-history":[{"count":5,"href":"https:\/\/mon-bureau-debout.fr\/index.php\/wp-json\/wp\/v2\/pages\/22\/revisions"}],"predecessor-version":[{"id":249,"href":"https:\/\/mon-bureau-debout.fr\/index.php\/wp-json\/wp\/v2\/pages\/22\/revisions\/249"}],"wp:attachment":[{"href":"https:\/\/mon-bureau-debout.fr\/index.php\/wp-json\/wp\/v2\/media?parent=22"}],"curies":[{"name":"wp","href":"https:\/\/api.w.org\/{rel}","templated":true}]}}