{"id":2,"date":"2020-08-18T22:00:23","date_gmt":"2020-08-18T20:00:23","guid":{"rendered":"http:\/\/mon-matelas-en-ligne.fr\/?page_id=2"},"modified":"2020-08-22T16:08:37","modified_gmt":"2020-08-22T14:08:37","slug":"page-d-exemple","status":"publish","type":"page","link":"https:\/\/mon-bureau-debout.fr\/","title":{"rendered":"Choisir son bureau assis-debout"},"content":{"rendered":"\n<p style=\"text-align:justify\">\nLes bureaux assis debout sont devenus assez populaire ces derni\u00e8res \nann\u00e9es au sein des entreprises quand des \u00e9tudes m\u00e9dicales ont commenc\u00e9 \u00e0\n montrer les dangers de se tenir assis toute la journ\u00e9e. Travailler \ndevant un ordinateur debout n\u2019est plus une m\u00e9thode \u00e9trange pour \ntravailler et au fur et \u00e0 mesure de l\u2019arriv\u00e9 de ces installations dans \nles open-spaces, les employ\u00e9s ont vite pu d\u00e9couvrir les int\u00e9r\u00eats d\u2019\u00eatre \ndebout pendant quelques heures ou minutes au cours de leurs journ\u00e9es de \ntravail \u00e0 la fois en am\u00e9liorant leurs ergonomies mais aussi leurs \nproductivit\u00e9s.\n\n<\/p>\n\n\n\n<div class=\"wp-block-image\"><figure class=\"aligncenter is-resized\"><img loading=\"lazy\" src=\"http:\/\/mon-matelas-en-ligne.fr\/wp-content\/uploads\/2020\/08\/Capture-1.jpg\" alt=\"\" class=\"wp-image-72\" width=\"568\" height=\"568\" srcset=\"https:\/\/mon-bureau-debout.fr\/wp-content\/uploads\/2020\/08\/Capture-1.jpg 697w, https:\/\/mon-bureau-debout.fr\/wp-content\/uploads\/2020\/08\/Capture-1-150x150.jpg 150w, https:\/\/mon-bureau-debout.fr\/wp-content\/uploads\/2020\/08\/Capture-1-300x300.jpg 300w\" sizes=\"(max-width: 568px) 100vw, 568px\" \/><\/figure><\/div>\n\n\n\n<p style=\"text-align:justify\"> De plus, la croissance du nombre d\u2019employ\u00e9 en t\u00e9l\u00e9travail pour quelques  jours par semaine \u00e0 des emplois 100% \u00e0 distance, pousse \u00e0 ce que le  confort en entreprise soit aussi chez soit et de plus en plus de  personne mettent en place ces bureaux assis debout \u00e0 leur domicile. Il  est donc important de savoir bien choisir son bureau assis debout pour  coller au mieux \u00e0 ses besoins.<\/p>\n\n\n\n<p class=\"text-align:justify;\"> Il existe plusieurs crit\u00e8res pour bien choisir son bureau :<\/p>\n\n\n\n<ul><li>Les tailles en hauteur (niveau assis et debout), la largeur ainsi que la forme du plateau<\/li><li>La m\u00e9canique d\u2019\u00e9l\u00e9vation : manuelle ou \u00e9lectrique<\/li><li>L\u2019ergonomie<\/li><li>Le budget<\/li><li>Les accessoires<\/li><\/ul>\n\n\n\n<h2>\nLa taille et la forme\n\n<\/h2>\n\n\n\n<p style=\"text-align:justify\">L\u2019un des premiers points \u00e0 prendre en compte est de savoir si vous souhaitez garder ou non votre bureau actuel, en effet, pouvoir travailler assis et debout ne n\u00e9cessite pas forc\u00e9ment l\u2019achat d\u2019un bureau assis debout.&nbsp;<\/p>\n\n\n\n<div class=\"wp-block-columns has-2-columns\">\n<div class=\"wp-block-column\">\n<div class=\"wp-block-image\"><figure class=\"aligncenter\"><img loading=\"lazy\" width=\"1024\" height=\"1024\" src=\"http:\/\/mon-matelas-en-ligne.fr\/wp-content\/uploads\/2020\/08\/flexispot-stand-up-desk-2020-m7mb-mt107m-1024x1024.jpg\" alt=\"\" class=\"wp-image-55\" srcset=\"https:\/\/mon-bureau-debout.fr\/wp-content\/uploads\/2020\/08\/flexispot-stand-up-desk-2020-m7mb-mt107m-1024x1024.jpg 1024w, https:\/\/mon-bureau-debout.fr\/wp-content\/uploads\/2020\/08\/flexispot-stand-up-desk-2020-m7mb-mt107m-150x150.jpg 150w, https:\/\/mon-bureau-debout.fr\/wp-content\/uploads\/2020\/08\/flexispot-stand-up-desk-2020-m7mb-mt107m-300x300.jpg 300w, https:\/\/mon-bureau-debout.fr\/wp-content\/uploads\/2020\/08\/flexispot-stand-up-desk-2020-m7mb-mt107m-768x768.jpg 768w, https:\/\/mon-bureau-debout.fr\/wp-content\/uploads\/2020\/08\/flexispot-stand-up-desk-2020-m7mb-mt107m-850x850.jpg 850w, https:\/\/mon-bureau-debout.fr\/wp-content\/uploads\/2020\/08\/flexispot-stand-up-desk-2020-m7mb-mt107m.jpg 1100w\" sizes=\"(max-width: 1024px) 100vw, 1024px\" \/><figcaption>Station ajustable<\/figcaption><\/figure><\/div>\n<\/div>\n\n\n\n<div class=\"wp-block-column\">\n<div class=\"wp-block-image\"><figure class=\"aligncenter\"><img loading=\"lazy\" width=\"1024\" height=\"1024\" src=\"http:\/\/mon-matelas-en-ligne.fr\/wp-content\/uploads\/2020\/08\/et204-1_1_-1024x1024.jpg\" alt=\"\" class=\"wp-image-56\" srcset=\"https:\/\/mon-bureau-debout.fr\/wp-content\/uploads\/2020\/08\/et204-1_1_-1024x1024.jpg 1024w, https:\/\/mon-bureau-debout.fr\/wp-content\/uploads\/2020\/08\/et204-1_1_-150x150.jpg 150w, https:\/\/mon-bureau-debout.fr\/wp-content\/uploads\/2020\/08\/et204-1_1_-300x300.jpg 300w, https:\/\/mon-bureau-debout.fr\/wp-content\/uploads\/2020\/08\/et204-1_1_-768x768.jpg 768w, https:\/\/mon-bureau-debout.fr\/wp-content\/uploads\/2020\/08\/et204-1_1_-850x850.jpg 850w, https:\/\/mon-bureau-debout.fr\/wp-content\/uploads\/2020\/08\/et204-1_1_.jpg 1100w\" sizes=\"(max-width: 1024px) 100vw, 1024px\" \/><figcaption>Bureau assis-debout \u00e9lectrique<\/figcaption><\/figure><\/div>\n<\/div>\n<\/div>\n\n\n\n<ul><li>Des stations assis-debout peuvent \u00eatre ajout\u00e9es directement sur votre bureau existant. L\u2019un des avantages de ces stations est qu&rsquo;elles ont un co\u00fbt g\u00e9n\u00e9ralement inf\u00e9rieur \u00e0 un bureau assis-debout complet.<\/li><li>Un bureau assis-debout que vous pourrez r\u00e9gler \u00e0 votre confort que ce soit en position assise et debout. Ces mod\u00e8les sont certes plus ch\u00e8res mais ont beaucoup d\u2019avantages.<\/li><\/ul>\n\n\n\n<p>Dans le cas o\u00f9 vous souhaiteriez en savoir plus sur les stations \u00e0 rajouter sur un bureau existant, je vous redirige vers la page suivante : <a href=\"http:\/\/mon-bureau-debout.fr\/index.php\/stations-pour-bureau-existant\/\">les stations assis-debout<\/a>.<\/p>\n\n\n\n<h3>La taille<\/h3>\n\n\n\n<p style=\"text-align:justify\">Mesurer bien votre espace en prenant en compte l&rsquo;\u00e9l\u00e9vation du bureau, la longueur des pieds (qui sont g\u00e9n\u00e9ralement plus long qu&rsquo;un bureau classique) ainsi que la profondeur du plateau. Il faut bien faire attention \u00e0 la hauteur, il ne faudrait pas que vos \u00e9crans soient bloqu\u00e9s par une \u00e9tag\u00e8re quand vous voudrez passer en position debout et pire par un mur mansard\u00e9.<\/p>\n\n\n\n<p style=\"text-align:justify\">La plupart des bureaux assis-debout ont une zone d\u2019\u00e9l\u00e9vation allant de 70 cm \u00e0 120\/125cm de hauteur hors \u00e9paisseur du plateau.<\/p>\n\n\n\n<p style=\"text-align:justify\">Pour la largeur du bureau et notamment du plateau, les gabarits vont de 120cm \u00e0 140cm et de 60 \u00e0 70cm de profondeur.<\/p>\n\n\n\n<div class=\"wp-block-image\"><figure class=\"aligncenter\"><img loading=\"lazy\" width=\"1024\" height=\"555\" src=\"http:\/\/mon-matelas-en-ligne.fr\/wp-content\/uploads\/2020\/08\/4_2_2-e1597918321718-1024x555.jpg\" alt=\"\" class=\"wp-image-59\" srcset=\"https:\/\/mon-bureau-debout.fr\/wp-content\/uploads\/2020\/08\/4_2_2-e1597918321718-1024x555.jpg 1024w, https:\/\/mon-bureau-debout.fr\/wp-content\/uploads\/2020\/08\/4_2_2-e1597918321718-300x163.jpg 300w, https:\/\/mon-bureau-debout.fr\/wp-content\/uploads\/2020\/08\/4_2_2-e1597918321718-768x416.jpg 768w, https:\/\/mon-bureau-debout.fr\/wp-content\/uploads\/2020\/08\/4_2_2-e1597918321718-850x461.jpg 850w, https:\/\/mon-bureau-debout.fr\/wp-content\/uploads\/2020\/08\/4_2_2-e1597918321718.jpg 1100w\" sizes=\"(max-width: 1024px) 100vw, 1024px\" \/><figcaption>Les pieds des bureaux Flexispot sont ajustables sur la largeur permettant l\u2019accueil de plateaux de tailles diff\u00e9rentes<\/figcaption><\/figure><\/div>\n\n\n\n<div class=\"wp-block-columns has-2-columns\">\n<div class=\"wp-block-column\">\n<div class=\"wp-block-image\"><figure class=\"aligncenter\"><img loading=\"lazy\" width=\"560\" height=\"560\" src=\"http:\/\/mon-matelas-en-ligne.fr\/wp-content\/uploads\/2020\/08\/dr1206-mahogany-size.jpg\" alt=\"\" class=\"wp-image-62\" srcset=\"https:\/\/mon-bureau-debout.fr\/wp-content\/uploads\/2020\/08\/dr1206-mahogany-size.jpg 560w, https:\/\/mon-bureau-debout.fr\/wp-content\/uploads\/2020\/08\/dr1206-mahogany-size-150x150.jpg 150w, https:\/\/mon-bureau-debout.fr\/wp-content\/uploads\/2020\/08\/dr1206-mahogany-size-300x300.jpg 300w\" sizes=\"(max-width: 560px) 100vw, 560px\" \/><figcaption>Plateau rectangulaire en 120&#215;60<\/figcaption><\/figure><\/div>\n<\/div>\n\n\n\n<div class=\"wp-block-column\">\n<figure class=\"wp-block-image\"><img loading=\"lazy\" width=\"1024\" height=\"1024\" src=\"http:\/\/mon-matelas-en-ligne.fr\/wp-content\/uploads\/2020\/08\/c1407-brown-size-1024x1024.jpg\" alt=\"\" class=\"wp-image-65\" srcset=\"https:\/\/mon-bureau-debout.fr\/wp-content\/uploads\/2020\/08\/c1407-brown-size-1024x1024.jpg 1024w, https:\/\/mon-bureau-debout.fr\/wp-content\/uploads\/2020\/08\/c1407-brown-size-150x150.jpg 150w, https:\/\/mon-bureau-debout.fr\/wp-content\/uploads\/2020\/08\/c1407-brown-size-300x300.jpg 300w, https:\/\/mon-bureau-debout.fr\/wp-content\/uploads\/2020\/08\/c1407-brown-size-768x768.jpg 768w, https:\/\/mon-bureau-debout.fr\/wp-content\/uploads\/2020\/08\/c1407-brown-size-850x850.jpg 850w, https:\/\/mon-bureau-debout.fr\/wp-content\/uploads\/2020\/08\/c1407-brown-size.jpg 1100w\" sizes=\"(max-width: 1024px) 100vw, 1024px\" \/><figcaption><a href=\"https:\/\/amzn.to\/2FFwKwW\" target=\"_blank\" rel=\"noreferrer noopener\">Plateau incurv\u00e9 en 140&#215;70<\/a><\/figcaption><\/figure>\n<\/div>\n<\/div>\n\n\n\n<p style=\"text-align:justify\">Bien que la majorit\u00e9 des plateaux soient rectangulaires, il est possible de trouver des plateaux (et pieds adapt\u00e9s) en L, voir aussi des plateaux rectangulaires incurv\u00e9s.<\/p>\n\n\n\n<h2>Moteur \u00e9lectrique ou manivelle manuelle<\/h2>\n\n\n\n<p>Le choix du type de m\u00e9canisme d\u00e9pendra de plusieurs crit\u00e8res :&nbsp;<\/p>\n\n\n\n<ul><li><strong>Le prix <\/strong>: les m\u00e9canismes manuelles sont g\u00e9n\u00e9ralement moins co\u00fbteux du fait qu\u2019il n\u2019y a pas de moteur \u00e0 l\u2019int\u00e9rieur.&nbsp;<\/li><li><strong>Le poids support\u00e9<\/strong> : suivant ce que vous voudrez mettre sur votre bureau : un ordinateur portable ou deux \u00e9crans avec des enceintes de monitoring. V\u00e9rifiez bien les caract\u00e9ristiques aupr\u00e8s du constructeur, les charges accept\u00e9es oscillent entre 70kg et 120kg suivant les mod\u00e8les.<\/li><li><strong>Le bruit<\/strong> : si vous \u00eates en open-space ou dans un bureau avec d&rsquo;autres personnes et que vous pr\u00e9voyez de monter et descendre votre bureau plusieurs fois par jour, prenez en compte le bruit pour ne pas les d\u00e9ranger. Les bureaux avec manivelle manuelle seront un peu plus bruyants que ceux avec des moteurs \u00e9lectriques.<\/li><\/ul>\n\n\n\n<div class=\"wp-block-columns has-2-columns\">\n<div class=\"wp-block-column\">\n<div class=\"wp-block-image\"><figure class=\"aligncenter\"><img loading=\"lazy\" width=\"597\" height=\"597\" src=\"http:\/\/mon-matelas-en-ligne.fr\/wp-content\/uploads\/2020\/08\/Capture.jpg\" alt=\"\" class=\"wp-image-67\" srcset=\"https:\/\/mon-bureau-debout.fr\/wp-content\/uploads\/2020\/08\/Capture.jpg 597w, https:\/\/mon-bureau-debout.fr\/wp-content\/uploads\/2020\/08\/Capture-150x150.jpg 150w, https:\/\/mon-bureau-debout.fr\/wp-content\/uploads\/2020\/08\/Capture-300x300.jpg 300w\" sizes=\"(max-width: 597px) 100vw, 597px\" \/><figcaption>Fonctionnement \u00e0 manivelle<\/figcaption><\/figure><\/div>\n<\/div>\n\n\n\n<div class=\"wp-block-column\">\n<div class=\"wp-block-image\"><figure class=\"aligncenter\"><img loading=\"lazy\" width=\"490\" height=\"300\" src=\"http:\/\/mon-matelas-en-ligne.fr\/wp-content\/uploads\/2020\/08\/FlexiSpot_SanoDesk_-_Standard_Quick-Install_Height_Adjustable_Desk_1__1.jpg\" alt=\"\" class=\"wp-image-68\" srcset=\"https:\/\/mon-bureau-debout.fr\/wp-content\/uploads\/2020\/08\/FlexiSpot_SanoDesk_-_Standard_Quick-Install_Height_Adjustable_Desk_1__1.jpg 490w, https:\/\/mon-bureau-debout.fr\/wp-content\/uploads\/2020\/08\/FlexiSpot_SanoDesk_-_Standard_Quick-Install_Height_Adjustable_Desk_1__1-300x184.jpg 300w\" sizes=\"(max-width: 490px) 100vw, 490px\" \/><figcaption>Console \u00e9lectrique simple sans m\u00e9morisation<\/figcaption><\/figure><\/div>\n\n\n\n<div class=\"wp-block-image\"><figure class=\"aligncenter\"><img loading=\"lazy\" width=\"490\" height=\"300\" src=\"http:\/\/mon-matelas-en-ligne.fr\/wp-content\/uploads\/2020\/08\/460300.jpg\" alt=\"\" class=\"wp-image-69\" srcset=\"https:\/\/mon-bureau-debout.fr\/wp-content\/uploads\/2020\/08\/460300.jpg 490w, https:\/\/mon-bureau-debout.fr\/wp-content\/uploads\/2020\/08\/460300-300x184.jpg 300w\" sizes=\"(max-width: 490px) 100vw, 490px\" \/><figcaption>Console \u00e9lectrique avanc\u00e9 avec m\u00e9morisation des positions<\/figcaption><\/figure><\/div>\n<\/div>\n<\/div>\n\n\n\n<p>Vous pouvez trouver diff\u00e9rents avis et mod\u00e8les de bureaux assis-debout manuel et \u00e9lectrique sur ces pages :<\/p>\n\n\n\n<ul><li><a href=\"http:\/\/mon-bureau-debout.fr\/index.php\/bureau-assis-debout-manuel\/\">Bureau assis-debout \u00e0 fonctionnement manuel<\/a><\/li><li><a href=\"http:\/\/mon-bureau-debout.fr\/index.php\/bureau-assis-debout-electrique\/\">Bureau assis-debout \u00e0 moteur \u00e9lectrique<\/a><\/li><\/ul>\n\n\n\n<h2>\nL\u2019ergonomie\n\n<\/h2>\n\n\n\n<p style=\"text-align:justify\">L&rsquo;un des points des plus importants niveaux de l&rsquo;ergonomie de votre bureau assis-debout concerne la pr\u00e9sence de fonctions de m\u00e9morisation des positions assises et en hauteur. En effet une bonne position sera tr\u00e8s b\u00e9n\u00e9fique pour votre sant\u00e9, votre dos et votre productivit\u00e9.  \u00c9tant donn\u00e9 que vous allez changer de position au cours de la journ\u00e9e,  il est important de pouvoir retrouver ces m\u00eames positions adapt\u00e9es \u00e0  votre taille.  <\/p>\n\n\n\n<p style=\"text-align:justify\">Dans le cas des bureaux avec moteur \u00e9lectrique, la majorit\u00e9 de ceux-ci poss\u00e8de justement cette fonctionnalit\u00e9. Ce qui n&rsquo;est pas le cas avec les bureaux \u00e0 manivelle o\u00f9 vous allez devoir r\u00e9gler approximativement la hauteur. Dans ce cas, je vous conseille de mettre des marqueurs l\u00e0 vous pouvez, soit sur un mur soit directement sur les pieds du bureau pour retrouver la meilleure position de travail qui vous convient. <\/p>\n\n\n\n<p style=\"text-align:justify\">L\u2019autre \u00e9l\u00e9ment \u00e0 regarder niveau ergonomie de votre bureau concerne les accessoires qui sont disponibles aupr\u00e8s du fournisseur c\u2019est le cas notamment avec les tapis anti fatigue quand vous \u00eates debout.<\/p>\n\n\n\n<h2>\nLe budget\n\n<\/h2>\n\n\n\n<p style=\"text-align:justify\">Vous pouvez trouver des bureaux assis debout d\u2019entr\u00e9e de gamme \u00e0 partir de 250\u20ac g\u00e9n\u00e9ralement avec un fonctionnement \u00e0 manivelle et\/ou avec un plateau d\u00e9j\u00e0 inclus. <\/p>\n\n\n\n<p style=\"text-align:justify\">Pour un bureau de bonne qualit\u00e9 avec un moteur \u00e9lectrique, les prix oscillent entre 350\u20ac et 500\u20ac o\u00f9 vous aurez le choix du plateau et du coloris de celui-ci et des bois. <\/p>\n\n\n\n<p style=\"text-align:justify\">\nSi cela est trop \u00e9lev\u00e9 pour votre budget, vous pouvez regarder les stations \u00e0 rajouter sur un bureau existant allant de 50\u20ac \u00e0 200\u20ac.\n\n<\/p>\n\n\n\n<p>Pour r\u00e9sumer :<\/p>\n\n\n\n<ul><li>Entre 50\u20ac &#8211; 200\u20ac : station sur bureau existant<\/li><li> De 250\u20ac &#8211; 350\u20ac : bureau \u00e0 manivelle ou \u00e0 v\u00e9rin<\/li><li> A partir de 350\u20ac : bureau assis-debout \u00e0 moteur \u00e9lectrique. <\/li><\/ul>\n\n\n\n<p>Les bureaux par tranche de prix sont disponibles sur notre page de <a href=\"http:\/\/mon-bureau-debout.fr\/index.php\/comparatif\/\">comparatif<\/a>.<\/p>\n\n\n\n<p><br><\/p>\n\n\n\n<p><br><\/p>\n","protected":false},"excerpt":{"rendered":"<p>Les bureaux assis debout sont devenus assez populaire ces derni\u00e8res ann\u00e9es au sein des entreprises quand des \u00e9tudes m\u00e9dicales ont commenc\u00e9 \u00e0 montrer les dangers de se tenir assis toute la journ\u00e9e. Travailler devant un ordinateur debout n\u2019est plus une m\u00e9thode \u00e9trange pour travailler et au fur et \u00e0 mesure de l\u2019arriv\u00e9 de ces installations&#8230;<\/p>\n","protected":false},"author":1,"featured_media":0,"parent":0,"menu_order":0,"comment_status":"closed","ping_status":"open","template":"","meta":[],"yoast_head":"<!-- This site is optimized with the Yoast SEO plugin v14.8 - https:\/\/yoast.com\/wordpress\/plugins\/seo\/ -->\n<title>Choisir son bureau assis-debout - Mon bureau debout<\/title>\n<meta name=\"robots\" content=\"index, follow\" \/>\n<meta name=\"googlebot\" content=\"index, follow, max-snippet:-1, max-image-preview:large, max-video-preview:-1\" \/>\n<meta name=\"bingbot\" content=\"index, follow, max-snippet:-1, max-image-preview:large, max-video-preview:-1\" \/>\n<link rel=\"canonical\" href=\"https:\/\/mon-bureau-debout.fr\/\" \/>\n<meta property=\"og:locale\" content=\"fr_FR\" \/>\n<meta property=\"og:type\" content=\"article\" \/>\n<meta property=\"og:title\" content=\"Choisir son bureau assis-debout - Mon bureau debout\" \/>\n<meta property=\"og:description\" content=\"Les bureaux assis debout sont devenus assez populaire ces derni\u00e8res ann\u00e9es au sein des entreprises quand des \u00e9tudes m\u00e9dicales ont commenc\u00e9 \u00e0 montrer les dangers de se tenir assis toute la journ\u00e9e. Travailler devant un ordinateur debout n\u2019est plus une m\u00e9thode \u00e9trange pour travailler et au fur et \u00e0 mesure de l\u2019arriv\u00e9 de ces installations...\" \/>\n<meta property=\"og:url\" content=\"https:\/\/mon-bureau-debout.fr\/\" \/>\n<meta property=\"og:site_name\" content=\"Mon bureau debout\" \/>\n<meta property=\"article:modified_time\" content=\"2020-08-22T14:08:37+00:00\" \/>\n<meta property=\"og:image\" content=\"http:\/\/mon-matelas-en-ligne.fr\/wp-content\/uploads\/2020\/08\/Capture-1.jpg\" \/>\n<meta name=\"twitter:card\" content=\"summary_large_image\" \/>\n<script type=\"application\/ld+json\" class=\"yoast-schema-graph\">{\"@context\":\"https:\/\/schema.org\",\"@graph\":[{\"@type\":\"WebSite\",\"@id\":\"https:\/\/mon-bureau-debout.fr\/#website\",\"url\":\"https:\/\/mon-bureau-debout.fr\/\",\"name\":\"Mon bureau debout - TOP Bureau 2020\",\"description\":\"TOP BUREAU 2020 - Une meilleur ergonomie et productivit\\u00e9 au quotidien\",\"potentialAction\":[{\"@type\":\"SearchAction\",\"target\":\"https:\/\/mon-bureau-debout.fr\/?s={search_term_string}\",\"query-input\":\"required name=search_term_string\"}],\"inLanguage\":\"fr-FR\"},{\"@type\":\"ImageObject\",\"@id\":\"https:\/\/mon-bureau-debout.fr\/#primaryimage\",\"inLanguage\":\"fr-FR\",\"url\":\"http:\/\/mon-matelas-en-ligne.fr\/wp-content\/uploads\/2020\/08\/Capture-1.jpg\"},{\"@type\":\"WebPage\",\"@id\":\"https:\/\/mon-bureau-debout.fr\/#webpage\",\"url\":\"https:\/\/mon-bureau-debout.fr\/\",\"name\":\"Choisir son bureau assis-debout - Mon bureau debout\",\"isPartOf\":{\"@id\":\"https:\/\/mon-bureau-debout.fr\/#website\"},\"primaryImageOfPage\":{\"@id\":\"https:\/\/mon-bureau-debout.fr\/#primaryimage\"},\"datePublished\":\"2020-08-18T20:00:23+00:00\",\"dateModified\":\"2020-08-22T14:08:37+00:00\",\"inLanguage\":\"fr-FR\",\"potentialAction\":[{\"@type\":\"ReadAction\",\"target\":[\"https:\/\/mon-bureau-debout.fr\/\"]}]}]}<\/script>\n<!-- \/ Yoast SEO plugin. -->","_links":{"self":[{"href":"https:\/\/mon-bureau-debout.fr\/index.php\/wp-json\/wp\/v2\/pages\/2"}],"collection":[{"href":"https:\/\/mon-bureau-debout.fr\/index.php\/wp-json\/wp\/v2\/pages"}],"about":[{"href":"https:\/\/mon-bureau-debout.fr\/index.php\/wp-json\/wp\/v2\/types\/page"}],"author":[{"embeddable":true,"href":"https:\/\/mon-bureau-debout.fr\/index.php\/wp-json\/wp\/v2\/users\/1"}],"replies":[{"embeddable":true,"href":"https:\/\/mon-bureau-debout.fr\/index.php\/wp-json\/wp\/v2\/comments?post=2"}],"version-history":[{"count":33,"href":"https:\/\/mon-bureau-debout.fr\/index.php\/wp-json\/wp\/v2\/pages\/2\/revisions"}],"predecessor-version":[{"id":263,"href":"https:\/\/mon-bureau-debout.fr\/index.php\/wp-json\/wp\/v2\/pages\/2\/revisions\/263"}],"wp:attachment":[{"href":"https:\/\/mon-bureau-debout.fr\/index.php\/wp-json\/wp\/v2\/media?parent=2"}],"curies":[{"name":"wp","href":"https:\/\/api.w.org\/{rel}","templated":true}]}}