{"id":18,"date":"2020-08-19T11:17:19","date_gmt":"2020-08-19T09:17:19","guid":{"rendered":"http:\/\/mon-matelas-en-ligne.fr\/?page_id=18"},"modified":"2020-08-22T11:28:35","modified_gmt":"2020-08-22T09:28:35","slug":"stations-pour-bureau-existant","status":"publish","type":"page","link":"https:\/\/mon-bureau-debout.fr\/index.php\/stations-pour-bureau-existant\/","title":{"rendered":"Stations pour bureau existant"},"content":{"rendered":"\n<h2>Pas la place ni le budget ? La meilleur alternative : les stations assis-debout<\/h2>\n\n\n\n<p>Les stations assis-debout ont le principal avantage de pouvoir \u00eatre rajouter sur des bureaux statiques d\u00e9j\u00e0 pr\u00e9sent ou des surfaces ne pouvant \u00eatre changer. Elles permettent aussi de ne pas avoir besoin de les enlever quand vous travailler assis car elles poss\u00e8dent une configuration \u00ab\u00a0\u00e0 plat\u00a0\u00bb et une configuration r\u00e9glable en hauteur afin que vous puissiez travailler facilement debout sans devoir r\u00e9organiser tout votre bureau.<\/p>\n\n\n\n<h2>Le meilleur rapport qualit\u00e9\/prix<\/h2>\n\n\n\n<div class=\"wp-block-columns has-background\" style=\"background-color:#ccddec\">\n<div class=\"wp-block-column\">\n<figure class=\"wp-block-image size-large\"><img loading=\"lazy\" width=\"1024\" height=\"1024\" src=\"http:\/\/mon-bureau-debout.fr\/wp-content\/uploads\/2020\/08\/81d-eclJIpL._AC_SL1500_-1024x1024.jpg\" alt=\"\" class=\"wp-image-208\" srcset=\"https:\/\/mon-bureau-debout.fr\/wp-content\/uploads\/2020\/08\/81d-eclJIpL._AC_SL1500_-1024x1024.jpg 1024w, https:\/\/mon-bureau-debout.fr\/wp-content\/uploads\/2020\/08\/81d-eclJIpL._AC_SL1500_-300x300.jpg 300w, https:\/\/mon-bureau-debout.fr\/wp-content\/uploads\/2020\/08\/81d-eclJIpL._AC_SL1500_-150x150.jpg 150w, https:\/\/mon-bureau-debout.fr\/wp-content\/uploads\/2020\/08\/81d-eclJIpL._AC_SL1500_-768x768.jpg 768w, https:\/\/mon-bureau-debout.fr\/wp-content\/uploads\/2020\/08\/81d-eclJIpL._AC_SL1500_-850x850.jpg 850w, https:\/\/mon-bureau-debout.fr\/wp-content\/uploads\/2020\/08\/81d-eclJIpL._AC_SL1500_.jpg 1500w\" sizes=\"(max-width: 1024px) 100vw, 1024px\" \/><\/figure>\n<\/div>\n\n\n\n<div class=\"wp-block-column\">\n<p class=\"has-text-align-center\"><strong>Duronic DM05D1<\/strong> : <br><strong><span class=\"has-inline-color has-vivid-green-cyan-color\">le meilleur rapport qualit\u00e9\/prix<\/span><\/strong><br><span class=\"has-inline-color has-luminous-vivid-amber-color\">\u2605 \u2605 \u2605 \u2605\u2605 <\/span> 4,7\/5<br><em>prix <\/em>conseill\u00e9: 188,99\u20ac<\/p>\n\n\n\n<ul><li>Hauteur de r\u00e9glage : 16cm-41cm (+ hauteur de votre bureau)<\/li><li>Plateau de 92x56cm<\/li><li>Capacit\u00e9 de charge : 15kg<\/li><\/ul>\n\n\n\n<div class=\"wp-block-buttons aligncenter\">\n<div class=\"wp-block-button\"><a class=\"wp-block-button__link has-vivid-green-cyan-background-color has-background\" href=\"https:\/\/amzn.to\/3hlmw2U\">Prix &amp; disponibilit\u00e9<\/a><\/div>\n<\/div>\n<\/div>\n<\/div>\n\n\n\n<h2>La stations la plus compl\u00e8te<\/h2>\n\n\n\n<div class=\"wp-block-columns has-background\" style=\"background-color:#ccddec\">\n<div class=\"wp-block-column\">\n<figure class=\"wp-block-image size-large\"><img loading=\"lazy\" width=\"1024\" height=\"1024\" src=\"http:\/\/mon-bureau-debout.fr\/wp-content\/uploads\/2020\/08\/71TsKt6Gq5L._AC_SL1100_-1024x1024.jpg\" alt=\"\" class=\"wp-image-211\" srcset=\"https:\/\/mon-bureau-debout.fr\/wp-content\/uploads\/2020\/08\/71TsKt6Gq5L._AC_SL1100_-1024x1024.jpg 1024w, https:\/\/mon-bureau-debout.fr\/wp-content\/uploads\/2020\/08\/71TsKt6Gq5L._AC_SL1100_-300x300.jpg 300w, https:\/\/mon-bureau-debout.fr\/wp-content\/uploads\/2020\/08\/71TsKt6Gq5L._AC_SL1100_-150x150.jpg 150w, https:\/\/mon-bureau-debout.fr\/wp-content\/uploads\/2020\/08\/71TsKt6Gq5L._AC_SL1100_-768x768.jpg 768w, https:\/\/mon-bureau-debout.fr\/wp-content\/uploads\/2020\/08\/71TsKt6Gq5L._AC_SL1100_-850x850.jpg 850w, https:\/\/mon-bureau-debout.fr\/wp-content\/uploads\/2020\/08\/71TsKt6Gq5L._AC_SL1100_.jpg 1100w\" sizes=\"(max-width: 1024px) 100vw, 1024px\" \/><\/figure>\n<\/div>\n\n\n\n<div class=\"wp-block-column\">\n<p class=\"has-text-align-center\"><strong>FLEXISPOT EM6S<\/strong> : <br><strong><span class=\"has-inline-color has-vivid-green-cyan-color\">\u00e9lectrique et la plus compl\u00e8te<\/span><span class=\"has-inline-color has-vivid-green-cyan-color\"><\/span><\/strong><br><span class=\"has-inline-color has-luminous-vivid-amber-color\">\u2605 \u2605 \u2605 \u2605 <\/span> 4\/5<br><em>nouveaux prix <\/em>: 249,99\u20ac <s>349,99\u20ac<\/s><\/p>\n\n\n\n<ul><li>Hauteur de r\u00e9glage : 15cm-46cm<\/li><li>Plateau de 69x65cm<\/li><li>Capacit\u00e9 de charge : 25kg<\/li><li>Syst\u00e8me anti-collisions<\/li><li>R\u00e9glage \u00e9lectrique<\/li><\/ul>\n\n\n\n<div class=\"wp-block-buttons aligncenter\">\n<div class=\"wp-block-button\"><a class=\"wp-block-button__link has-vivid-green-cyan-background-color has-background\" href=\"https:\/\/amzn.to\/2Yly7av\">Prix &amp; disponibilit\u00e9<\/a><\/div>\n<\/div>\n<\/div>\n<\/div>\n\n\n\n<h2>La plateforme ultra-mince et \u00e9conomique<\/h2>\n\n\n\n<div class=\"wp-block-columns has-background\" style=\"background-color:#ccddec\">\n<div class=\"wp-block-column\">\n<figure class=\"wp-block-image size-large\"><img loading=\"lazy\" width=\"1024\" height=\"736\" src=\"http:\/\/mon-bureau-debout.fr\/wp-content\/uploads\/2020\/08\/81U96eREkJL._AC_SL1500_-1024x736.jpg\" alt=\"\" class=\"wp-image-217\" srcset=\"https:\/\/mon-bureau-debout.fr\/wp-content\/uploads\/2020\/08\/81U96eREkJL._AC_SL1500_-1024x736.jpg 1024w, https:\/\/mon-bureau-debout.fr\/wp-content\/uploads\/2020\/08\/81U96eREkJL._AC_SL1500_-300x216.jpg 300w, https:\/\/mon-bureau-debout.fr\/wp-content\/uploads\/2020\/08\/81U96eREkJL._AC_SL1500_-768x552.jpg 768w, https:\/\/mon-bureau-debout.fr\/wp-content\/uploads\/2020\/08\/81U96eREkJL._AC_SL1500_-850x611.jpg 850w, https:\/\/mon-bureau-debout.fr\/wp-content\/uploads\/2020\/08\/81U96eREkJL._AC_SL1500_.jpg 1500w\" sizes=\"(max-width: 1024px) 100vw, 1024px\" \/><\/figure>\n<\/div>\n\n\n\n<div class=\"wp-block-column\">\n<p class=\"has-text-align-center\"><strong>PUTORSEN<\/strong> : <br><strong><span class=\"has-inline-color has-vivid-green-cyan-color\">l&rsquo;ultra-mince<\/span><\/strong><br><span class=\"has-inline-color has-luminous-vivid-amber-color\">\u2605 \u2605 \u2605 \u2605\u2605 <\/span> 4,5\/5<br><em>prix promo <\/em>: 93,49\u20ac <s>109,99\u20ac<\/s><\/p>\n\n\n\n<ul><li>Hauteur de r\u00e9glage : jusqu&rsquo;\u00e0 40,7cm en plus de votre bureau<\/li><li>Plateau de 79x54cm<\/li><li>Capacit\u00e9 de charge : 10kg<\/li><\/ul>\n\n\n\n<div class=\"wp-block-buttons aligncenter\">\n<div class=\"wp-block-button\"><a class=\"wp-block-button__link has-vivid-green-cyan-background-color has-background\" href=\"https:\/\/amzn.to\/2QjcwLq\">Prix &amp; disponibilit\u00e9<\/a><\/div>\n<\/div>\n<\/div>\n<\/div>\n\n\n\n<p><\/p>\n","protected":false},"excerpt":{"rendered":"<p>Pas la place ni le budget ? La meilleur alternative : les stations assis-debout Les stations assis-debout ont le principal avantage de pouvoir \u00eatre rajouter sur des bureaux statiques d\u00e9j\u00e0 pr\u00e9sent ou des surfaces ne pouvant \u00eatre changer. Elles permettent aussi de ne pas avoir besoin de les enlever quand vous travailler assis car elles&#8230;<\/p>\n","protected":false},"author":1,"featured_media":0,"parent":0,"menu_order":0,"comment_status":"closed","ping_status":"closed","template":"","meta":[],"yoast_head":"<!-- This site is optimized with the Yoast SEO plugin v14.8 - https:\/\/yoast.com\/wordpress\/plugins\/seo\/ -->\n<title>Stations pour bureau existant - Mon bureau debout<\/title>\n<meta name=\"robots\" content=\"index, follow\" \/>\n<meta name=\"googlebot\" content=\"index, follow, max-snippet:-1, max-image-preview:large, max-video-preview:-1\" \/>\n<meta name=\"bingbot\" content=\"index, follow, max-snippet:-1, max-image-preview:large, max-video-preview:-1\" \/>\n<link rel=\"canonical\" href=\"http:\/\/mon-bureau-debout.fr\/index.php\/stations-pour-bureau-existant\/\" \/>\n<meta property=\"og:locale\" content=\"fr_FR\" \/>\n<meta property=\"og:type\" content=\"article\" \/>\n<meta property=\"og:title\" content=\"Stations pour bureau existant - Mon bureau debout\" \/>\n<meta property=\"og:description\" content=\"Pas la place ni le budget ? La meilleur alternative : les stations assis-debout Les stations assis-debout ont le principal avantage de pouvoir \u00eatre rajouter sur des bureaux statiques d\u00e9j\u00e0 pr\u00e9sent ou des surfaces ne pouvant \u00eatre changer. Elles permettent aussi de ne pas avoir besoin de les enlever quand vous travailler assis car elles...\" \/>\n<meta property=\"og:url\" content=\"http:\/\/mon-bureau-debout.fr\/index.php\/stations-pour-bureau-existant\/\" \/>\n<meta property=\"og:site_name\" content=\"Mon bureau debout\" \/>\n<meta property=\"article:modified_time\" content=\"2020-08-22T09:28:35+00:00\" \/>\n<meta property=\"og:image\" content=\"http:\/\/mon-bureau-debout.fr\/wp-content\/uploads\/2020\/08\/81d-eclJIpL._AC_SL1500_-1024x1024.jpg\" \/>\n<meta name=\"twitter:card\" content=\"summary_large_image\" \/>\n<script type=\"application\/ld+json\" class=\"yoast-schema-graph\">{\"@context\":\"https:\/\/schema.org\",\"@graph\":[{\"@type\":\"WebSite\",\"@id\":\"https:\/\/mon-bureau-debout.fr\/#website\",\"url\":\"https:\/\/mon-bureau-debout.fr\/\",\"name\":\"Mon bureau debout - TOP Bureau 2020\",\"description\":\"TOP BUREAU 2020 - Une meilleur ergonomie et productivit\\u00e9 au quotidien\",\"potentialAction\":[{\"@type\":\"SearchAction\",\"target\":\"https:\/\/mon-bureau-debout.fr\/?s={search_term_string}\",\"query-input\":\"required name=search_term_string\"}],\"inLanguage\":\"fr-FR\"},{\"@type\":\"ImageObject\",\"@id\":\"http:\/\/mon-bureau-debout.fr\/index.php\/stations-pour-bureau-existant\/#primaryimage\",\"inLanguage\":\"fr-FR\",\"url\":\"http:\/\/mon-bureau-debout.fr\/wp-content\/uploads\/2020\/08\/81d-eclJIpL._AC_SL1500_-1024x1024.jpg\"},{\"@type\":\"WebPage\",\"@id\":\"http:\/\/mon-bureau-debout.fr\/index.php\/stations-pour-bureau-existant\/#webpage\",\"url\":\"http:\/\/mon-bureau-debout.fr\/index.php\/stations-pour-bureau-existant\/\",\"name\":\"Stations pour bureau existant - Mon bureau debout\",\"isPartOf\":{\"@id\":\"https:\/\/mon-bureau-debout.fr\/#website\"},\"primaryImageOfPage\":{\"@id\":\"http:\/\/mon-bureau-debout.fr\/index.php\/stations-pour-bureau-existant\/#primaryimage\"},\"datePublished\":\"2020-08-19T09:17:19+00:00\",\"dateModified\":\"2020-08-22T09:28:35+00:00\",\"inLanguage\":\"fr-FR\",\"potentialAction\":[{\"@type\":\"ReadAction\",\"target\":[\"http:\/\/mon-bureau-debout.fr\/index.php\/stations-pour-bureau-existant\/\"]}]}]}<\/script>\n<!-- \/ Yoast SEO plugin. -->","_links":{"self":[{"href":"https:\/\/mon-bureau-debout.fr\/index.php\/wp-json\/wp\/v2\/pages\/18"}],"collection":[{"href":"https:\/\/mon-bureau-debout.fr\/index.php\/wp-json\/wp\/v2\/pages"}],"about":[{"href":"https:\/\/mon-bureau-debout.fr\/index.php\/wp-json\/wp\/v2\/types\/page"}],"author":[{"embeddable":true,"href":"https:\/\/mon-bureau-debout.fr\/index.php\/wp-json\/wp\/v2\/users\/1"}],"replies":[{"embeddable":true,"href":"https:\/\/mon-bureau-debout.fr\/index.php\/wp-json\/wp\/v2\/comments?post=18"}],"version-history":[{"count":10,"href":"https:\/\/mon-bureau-debout.fr\/index.php\/wp-json\/wp\/v2\/pages\/18\/revisions"}],"predecessor-version":[{"id":219,"href":"https:\/\/mon-bureau-debout.fr\/index.php\/wp-json\/wp\/v2\/pages\/18\/revisions\/219"}],"wp:attachment":[{"href":"https:\/\/mon-bureau-debout.fr\/index.php\/wp-json\/wp\/v2\/media?parent=18"}],"curies":[{"name":"wp","href":"https:\/\/api.w.org\/{rel}","templated":true}]}}