{"id":14,"date":"2020-08-19T11:16:36","date_gmt":"2020-08-19T09:16:36","guid":{"rendered":"http:\/\/mon-matelas-en-ligne.fr\/?page_id=14"},"modified":"2020-08-22T15:20:44","modified_gmt":"2020-08-22T13:20:44","slug":"bureau-assis-debout-electrique","status":"publish","type":"page","link":"https:\/\/mon-bureau-debout.fr\/index.php\/bureau-assis-debout-electrique\/","title":{"rendered":"Bureau assis-debout \u00e9lectrique"},"content":{"rendered":"\n<h2>Pourquoi choisir un bureau assis-debout \u00e0 moteur \u00e9lectrique<\/h2>\n\n\n\n<p>Par rapport \u00e0 une station \u00e0 rajouter sur un bureau existant ou un bureau assis-debout \u00e0 manivelle ou \u00e0 v\u00e9rin, vous trouverez comme  avantages d&rsquo;une bureau avec un moteur \u00e9lectrique :<\/p>\n\n\n\n<ul><li><strong>Un poids de support beaucoup plus important.<\/strong> Suivant les constructeurs et les versions des diff\u00e9rents pieds, certains bureaux \u00e0 moteur \u00e9lectrique peuvent supporter jusqu&rsquo;\u00e0 200kg.<\/li><li><strong>Un changement sans effort et silencieux<\/strong>. Les changements de hauteur au cours de la journ\u00e9e doivent pouvoir se faire sans d\u00e9ranger votre entourage et sans vous prendre trop de temps et d&rsquo;effort.<\/li><li><strong>Une m\u00e9morisation des positions<\/strong>. Il est important d&rsquo;avoir une position \u00e0 la bonne hauteur suivant votre taille, que ce soit en position assis ou debout. La majorit\u00e9 des bureaux avec moteur \u00e9lectrique poss\u00e8de une fonction de m\u00e9morisation pour les 2 positions. Ce qui vous fera gagner du temps et du confort.<\/li><\/ul>\n\n\n\n<p>Que ce soit pour un bureau r\u00e9glable en hauteur par moteur \u00e9lectrique ou manuelle, il vous faudra aussi prendre un plateau avec celui-ci. Certains sont d\u00e9j\u00e0 fournis avec celui-ci ce qui n&rsquo;est pas la majorit\u00e9. Vous permettant ainsi de choisir aussi la couleur du bois du plateau.<\/p>\n\n\n\n<h2>Le meilleur rapport qualit\u00e9\/prix<\/h2>\n\n\n\n<p>La marque FLEXISPOT propose aujourd&rsquo;hui les bureaux et plateaux avec le meilleur rapport qualit\u00e9\/prix que ce soit pour les gammes \u00e9lectriques allant de 219,99\u20ac \u00e0 379,99\u20ac<\/p>\n\n\n\n<div class=\"wp-block-columns has-background\" style=\"background-color:#ccddec\">\n<div class=\"wp-block-column\">\n<figure class=\"wp-block-image size-large\"><img loading=\"lazy\" width=\"1024\" height=\"1024\" src=\"http:\/\/mon-bureau-debout.fr\/wp-content\/uploads\/2020\/08\/71Dim0v5-LL._AC_SL1100_-1024x1024.jpg\" alt=\"\" class=\"wp-image-191\" srcset=\"https:\/\/mon-bureau-debout.fr\/wp-content\/uploads\/2020\/08\/71Dim0v5-LL._AC_SL1100_-1024x1024.jpg 1024w, https:\/\/mon-bureau-debout.fr\/wp-content\/uploads\/2020\/08\/71Dim0v5-LL._AC_SL1100_-300x300.jpg 300w, https:\/\/mon-bureau-debout.fr\/wp-content\/uploads\/2020\/08\/71Dim0v5-LL._AC_SL1100_-150x150.jpg 150w, https:\/\/mon-bureau-debout.fr\/wp-content\/uploads\/2020\/08\/71Dim0v5-LL._AC_SL1100_-768x768.jpg 768w, https:\/\/mon-bureau-debout.fr\/wp-content\/uploads\/2020\/08\/71Dim0v5-LL._AC_SL1100_-850x850.jpg 850w, https:\/\/mon-bureau-debout.fr\/wp-content\/uploads\/2020\/08\/71Dim0v5-LL._AC_SL1100_.jpg 1100w\" sizes=\"(max-width: 1024px) 100vw, 1024px\" \/><\/figure>\n<\/div>\n\n\n\n<div class=\"wp-block-column\">\n<p class=\"has-text-align-center\"><strong>FLEXISPOT ED2B<\/strong> : <br><strong><span class=\"has-inline-color has-vivid-green-cyan-color\">le meilleur rapport qualit\u00e9\/prix<\/span><\/strong><br><span class=\"has-inline-color has-luminous-vivid-amber-color\">\u2605 \u2605 \u2605 \u2605\u2605 <\/span> 4,7\/5<br><em>nouveaux prix <\/em>: 349,99\u20ac <s>379,99\u20ac<\/s><\/p>\n\n\n\n<ul><li>Hauteur de r\u00e9glage : 71cm-119cm<\/li><li>Plateau allant de 120 \u00e0 180cm<\/li><li>Capacit\u00e9 de charge : 100kg<\/li><li>Double moteur<\/li><li>Syst\u00e8me anti-collisions<\/li><li>M\u00e9morisation des positions<\/li><li>Garantie bureau : 5 ans. Moteur : 3 ans<\/li><\/ul>\n\n\n\n<div class=\"wp-block-buttons aligncenter\">\n<div class=\"wp-block-button\"><a class=\"wp-block-button__link has-vivid-green-cyan-background-color has-background\" href=\"https:\/\/amzn.to\/2FMvBnu\">Prix &amp; disponibilit\u00e9<\/a><\/div>\n<\/div>\n<\/div>\n<\/div>\n\n\n\n<h2>Le plus grand avec un plateau de 180<\/h2>\n\n\n\n<div class=\"wp-block-columns has-background\" style=\"background-color:#ccddec\">\n<div class=\"wp-block-column\">\n<figure class=\"wp-block-image size-large\"><img loading=\"lazy\" width=\"1024\" height=\"625\" src=\"http:\/\/mon-bureau-debout.fr\/wp-content\/uploads\/2020\/08\/51gdGqP9VfL._AC_SL1200_-1024x625.jpg\" alt=\"\" class=\"wp-image-187\" srcset=\"https:\/\/mon-bureau-debout.fr\/wp-content\/uploads\/2020\/08\/51gdGqP9VfL._AC_SL1200_-1024x625.jpg 1024w, https:\/\/mon-bureau-debout.fr\/wp-content\/uploads\/2020\/08\/51gdGqP9VfL._AC_SL1200_-300x183.jpg 300w, https:\/\/mon-bureau-debout.fr\/wp-content\/uploads\/2020\/08\/51gdGqP9VfL._AC_SL1200_-768x468.jpg 768w, https:\/\/mon-bureau-debout.fr\/wp-content\/uploads\/2020\/08\/51gdGqP9VfL._AC_SL1200_-850x519.jpg 850w, https:\/\/mon-bureau-debout.fr\/wp-content\/uploads\/2020\/08\/51gdGqP9VfL._AC_SL1200_.jpg 1200w\" sizes=\"(max-width: 1024px) 100vw, 1024px\" \/><\/figure>\n<\/div>\n\n\n\n<div class=\"wp-block-column\">\n<p class=\"has-text-align-center\"><strong>newpo<\/strong> : <br><strong><span class=\"has-inline-color has-vivid-green-cyan-color\">jusqu&rsquo;\u00e0 180cm de largeur platea<\/span><\/strong><span class=\"has-inline-color has-vivid-green-cyan-color\"><strong>u inclus <\/strong><\/span><br><span class=\"has-inline-color has-luminous-vivid-amber-color\">\u2605 \u2605 \u2605 \u2605 <\/span> 4\/5<br><em>prix conseill\u00e9<\/em> : 641,99\u20ac<\/p>\n\n\n\n<ul><li>Hauteur de r\u00e9glage : 60cm-125cm<\/li><li>Plateau allant de 120 \u00e0 180cm<\/li><li>Plateau inclus<\/li><li>Garantie bureau : 3 ans<\/li><\/ul>\n\n\n\n<div class=\"wp-block-buttons aligncenter\">\n<div class=\"wp-block-button\"><a class=\"wp-block-button__link has-vivid-green-cyan-background-color has-background\" href=\"https:\/\/amzn.to\/3l5HsNr\">Prix &amp; disponibilit\u00e9<\/a><\/div>\n<\/div>\n<\/div>\n<\/div>\n\n\n\n<h2>Le bureau gaming<\/h2>\n\n\n\n<div class=\"wp-block-columns has-background\" style=\"background-color:#ccddec\">\n<div class=\"wp-block-column\">\n<figure class=\"wp-block-image size-large\"><img loading=\"lazy\" width=\"1024\" height=\"849\" src=\"http:\/\/mon-bureau-debout.fr\/wp-content\/uploads\/2020\/08\/71Rjgs8q4KL._AC_SL1500_-1024x849.jpg\" alt=\"\" class=\"wp-image-178\" srcset=\"https:\/\/mon-bureau-debout.fr\/wp-content\/uploads\/2020\/08\/71Rjgs8q4KL._AC_SL1500_-1024x849.jpg 1024w, https:\/\/mon-bureau-debout.fr\/wp-content\/uploads\/2020\/08\/71Rjgs8q4KL._AC_SL1500_-300x249.jpg 300w, https:\/\/mon-bureau-debout.fr\/wp-content\/uploads\/2020\/08\/71Rjgs8q4KL._AC_SL1500_-768x637.jpg 768w, https:\/\/mon-bureau-debout.fr\/wp-content\/uploads\/2020\/08\/71Rjgs8q4KL._AC_SL1500_-850x705.jpg 850w, https:\/\/mon-bureau-debout.fr\/wp-content\/uploads\/2020\/08\/71Rjgs8q4KL._AC_SL1500_.jpg 1500w\" sizes=\"(max-width: 1024px) 100vw, 1024px\" \/><\/figure>\n<\/div>\n\n\n\n<div class=\"wp-block-column\">\n<p class=\"has-text-align-center\"><strong>FLEXISPOT Gaming Desk<\/strong> : <br><strong><span class=\"has-inline-color has-vivid-green-cyan-color\">Gaming Desk assis-debout<\/span><\/strong><br><span class=\"has-inline-color has-luminous-vivid-amber-color\">\u2605 \u2605 \u2605 \u2605 \u2605<\/span> 5\/5<br><em>nouveau prix<\/em> : 499,99\u20ac <s>599,99\u20ac<\/s><\/p>\n\n\n\n<ul><li>Hauteur de r\u00e9glage : 62cm-125cm<\/li><li>Couleur noir mat<\/li><li>Capacit\u00e9 de charge : 125kg<\/li><li>Plateau inclus de 140cm<\/li><li>Garantie bureau : 5 ans. Moteur : 3 ans<\/li><\/ul>\n\n\n\n<div class=\"wp-block-buttons aligncenter\">\n<div class=\"wp-block-button\"><a class=\"wp-block-button__link has-vivid-green-cyan-background-color has-background\" href=\"https:\/\/amzn.to\/2YDAMwL\">Prix &amp; disponibilit\u00e9<\/a><\/div>\n<\/div>\n<\/div>\n<\/div>\n\n\n\n<h2>Le moins ch\u00e8re<\/h2>\n\n\n\n<div class=\"wp-block-columns has-background\" style=\"background-color:#ccddec\">\n<div class=\"wp-block-column\">\n<figure class=\"wp-block-image size-large\"><img loading=\"lazy\" width=\"970\" height=\"600\" src=\"http:\/\/mon-bureau-debout.fr\/wp-content\/uploads\/2020\/08\/a7200dc8-b11c-491a-bde4-e127d3a41ca7.__CR00970600_PT0_SX970_V1___.jpg\" alt=\"\" class=\"wp-image-198\" srcset=\"https:\/\/mon-bureau-debout.fr\/wp-content\/uploads\/2020\/08\/a7200dc8-b11c-491a-bde4-e127d3a41ca7.__CR00970600_PT0_SX970_V1___.jpg 970w, https:\/\/mon-bureau-debout.fr\/wp-content\/uploads\/2020\/08\/a7200dc8-b11c-491a-bde4-e127d3a41ca7.__CR00970600_PT0_SX970_V1___-300x186.jpg 300w, https:\/\/mon-bureau-debout.fr\/wp-content\/uploads\/2020\/08\/a7200dc8-b11c-491a-bde4-e127d3a41ca7.__CR00970600_PT0_SX970_V1___-768x475.jpg 768w, https:\/\/mon-bureau-debout.fr\/wp-content\/uploads\/2020\/08\/a7200dc8-b11c-491a-bde4-e127d3a41ca7.__CR00970600_PT0_SX970_V1___-850x526.jpg 850w\" sizes=\"(max-width: 970px) 100vw, 970px\" \/><\/figure>\n<\/div>\n\n\n\n<div class=\"wp-block-column\">\n<p class=\"has-text-align-center\"><strong>FLEXISPOT EC1<\/strong>: <br><strong><span class=\"has-inline-color has-vivid-green-cyan-color\">la qualit\u00e9 Flexispot au meilleur prix. Plateau inclus<\/span><\/strong><br><span class=\"has-inline-color has-luminous-vivid-amber-color\">\u2605 \u2605 \u2605 \u2605\u2605 <\/span> 4,6\/5<br><em>prix conseill\u00e9 <\/em>: 299,99\u20ac<\/p>\n\n\n\n<ul><li>Hauteur de r\u00e9glage : 73cm-123cm<\/li><li>Capacit\u00e9 de charge : 70kg<\/li><li>Plateau de 120cm inclus<\/li><li>Panneau \u00e0 2 boutons<\/li><li>Garantie bureau : 5 ans. Moteur : 2 ans<\/li><\/ul>\n\n\n\n<div class=\"wp-block-buttons aligncenter\">\n<div class=\"wp-block-button\"><a class=\"wp-block-button__link has-vivid-green-cyan-background-color has-background\" href=\"https:\/\/amzn.to\/2EoNubc\">Prix &amp; disponibilit\u00e9<\/a><\/div>\n<\/div>\n<\/div>\n<\/div>\n","protected":false},"excerpt":{"rendered":"<p>Pourquoi choisir un bureau assis-debout \u00e0 moteur \u00e9lectrique Par rapport \u00e0 une station \u00e0 rajouter sur un bureau existant ou un bureau assis-debout \u00e0 manivelle ou \u00e0 v\u00e9rin, vous trouverez comme avantages d&rsquo;une bureau avec un moteur \u00e9lectrique : Un poids de support beaucoup plus important. Suivant les constructeurs et les versions des diff\u00e9rents pieds,&#8230;<\/p>\n","protected":false},"author":1,"featured_media":0,"parent":0,"menu_order":0,"comment_status":"closed","ping_status":"closed","template":"","meta":[],"yoast_head":"<!-- This site is optimized with the Yoast SEO plugin v14.8 - https:\/\/yoast.com\/wordpress\/plugins\/seo\/ -->\n<title>Bureau assis-debout \u00e9lectrique - Mon bureau debout<\/title>\n<meta name=\"robots\" content=\"index, follow\" \/>\n<meta name=\"googlebot\" content=\"index, follow, max-snippet:-1, max-image-preview:large, max-video-preview:-1\" \/>\n<meta name=\"bingbot\" content=\"index, follow, max-snippet:-1, max-image-preview:large, max-video-preview:-1\" \/>\n<link rel=\"canonical\" href=\"http:\/\/mon-bureau-debout.fr\/index.php\/bureau-assis-debout-electrique\/\" \/>\n<meta property=\"og:locale\" content=\"fr_FR\" \/>\n<meta property=\"og:type\" content=\"article\" \/>\n<meta property=\"og:title\" content=\"Bureau assis-debout \u00e9lectrique - Mon bureau debout\" \/>\n<meta property=\"og:description\" content=\"Pourquoi choisir un bureau assis-debout \u00e0 moteur \u00e9lectrique Par rapport \u00e0 une station \u00e0 rajouter sur un bureau existant ou un bureau assis-debout \u00e0 manivelle ou \u00e0 v\u00e9rin, vous trouverez comme avantages d&rsquo;une bureau avec un moteur \u00e9lectrique : Un poids de support beaucoup plus important. Suivant les constructeurs et les versions des diff\u00e9rents pieds,...\" \/>\n<meta property=\"og:url\" content=\"http:\/\/mon-bureau-debout.fr\/index.php\/bureau-assis-debout-electrique\/\" \/>\n<meta property=\"og:site_name\" content=\"Mon bureau debout\" \/>\n<meta property=\"article:modified_time\" content=\"2020-08-22T13:20:44+00:00\" \/>\n<meta property=\"og:image\" content=\"http:\/\/mon-bureau-debout.fr\/wp-content\/uploads\/2020\/08\/71Dim0v5-LL._AC_SL1100_-1024x1024.jpg\" \/>\n<meta name=\"twitter:card\" content=\"summary_large_image\" \/>\n<script type=\"application\/ld+json\" class=\"yoast-schema-graph\">{\"@context\":\"https:\/\/schema.org\",\"@graph\":[{\"@type\":\"WebSite\",\"@id\":\"https:\/\/mon-bureau-debout.fr\/#website\",\"url\":\"https:\/\/mon-bureau-debout.fr\/\",\"name\":\"Mon bureau debout - TOP Bureau 2020\",\"description\":\"TOP BUREAU 2020 - Une meilleur ergonomie et productivit\\u00e9 au quotidien\",\"potentialAction\":[{\"@type\":\"SearchAction\",\"target\":\"https:\/\/mon-bureau-debout.fr\/?s={search_term_string}\",\"query-input\":\"required name=search_term_string\"}],\"inLanguage\":\"fr-FR\"},{\"@type\":\"ImageObject\",\"@id\":\"http:\/\/mon-bureau-debout.fr\/index.php\/bureau-assis-debout-electrique\/#primaryimage\",\"inLanguage\":\"fr-FR\",\"url\":\"http:\/\/mon-bureau-debout.fr\/wp-content\/uploads\/2020\/08\/71Dim0v5-LL._AC_SL1100_-1024x1024.jpg\"},{\"@type\":\"WebPage\",\"@id\":\"http:\/\/mon-bureau-debout.fr\/index.php\/bureau-assis-debout-electrique\/#webpage\",\"url\":\"http:\/\/mon-bureau-debout.fr\/index.php\/bureau-assis-debout-electrique\/\",\"name\":\"Bureau assis-debout \\u00e9lectrique - Mon bureau debout\",\"isPartOf\":{\"@id\":\"https:\/\/mon-bureau-debout.fr\/#website\"},\"primaryImageOfPage\":{\"@id\":\"http:\/\/mon-bureau-debout.fr\/index.php\/bureau-assis-debout-electrique\/#primaryimage\"},\"datePublished\":\"2020-08-19T09:16:36+00:00\",\"dateModified\":\"2020-08-22T13:20:44+00:00\",\"inLanguage\":\"fr-FR\",\"potentialAction\":[{\"@type\":\"ReadAction\",\"target\":[\"http:\/\/mon-bureau-debout.fr\/index.php\/bureau-assis-debout-electrique\/\"]}]}]}<\/script>\n<!-- \/ Yoast SEO plugin. -->","_links":{"self":[{"href":"https:\/\/mon-bureau-debout.fr\/index.php\/wp-json\/wp\/v2\/pages\/14"}],"collection":[{"href":"https:\/\/mon-bureau-debout.fr\/index.php\/wp-json\/wp\/v2\/pages"}],"about":[{"href":"https:\/\/mon-bureau-debout.fr\/index.php\/wp-json\/wp\/v2\/types\/page"}],"author":[{"embeddable":true,"href":"https:\/\/mon-bureau-debout.fr\/index.php\/wp-json\/wp\/v2\/users\/1"}],"replies":[{"embeddable":true,"href":"https:\/\/mon-bureau-debout.fr\/index.php\/wp-json\/wp\/v2\/comments?post=14"}],"version-history":[{"count":24,"href":"https:\/\/mon-bureau-debout.fr\/index.php\/wp-json\/wp\/v2\/pages\/14\/revisions"}],"predecessor-version":[{"id":255,"href":"https:\/\/mon-bureau-debout.fr\/index.php\/wp-json\/wp\/v2\/pages\/14\/revisions\/255"}],"wp:attachment":[{"href":"https:\/\/mon-bureau-debout.fr\/index.php\/wp-json\/wp\/v2\/media?parent=14"}],"curies":[{"name":"wp","href":"https:\/\/api.w.org\/{rel}","templated":true}]}}